{"id":1211,"date":"2026-02-27T11:12:54","date_gmt":"2026-02-27T10:12:54","guid":{"rendered":"https:\/\/qlac-solutions.fr\/?page_id=1211"},"modified":"2026-02-27T12:13:15","modified_gmt":"2026-02-27T11:13:15","slug":"politique-de-confidentialite","status":"publish","type":"page","link":"https:\/\/qlac-solutions.fr\/?page_id=1211","title":{"rendered":"Politique de confidentialit\u00e9"},"content":{"rendered":"\n<h2 class=\"wp-block-heading\">1. Responsable du traitement<\/h2>\n\n\n\n<p>Le site est \u00e9dit\u00e9 par :<\/p>\n\n\n\n<p><strong>Quentin Lacombe<\/strong><br>Micro-entrepreneur<br>Nom commercial : <strong>qlac.solutions<\/strong><br>Num\u00e9ro SIRET : 88304111300019<br>Code APE : 6201Z<br>Adresse du si\u00e8ge : 29 rue des plumassi\u00e8res, 31450 Montesquieu Lauragais<br>Email : <a href=\"mailto:quentin@qlacs.fr\">quentin@qlacs.fr<\/a><\/p>\n\n\n\n<p>Le responsable du traitement est : <strong>Quentin Lacombe<\/strong>.<\/p>\n\n\n\n<hr class=\"wp-block-separator has-alpha-channel-opacity\"\/>\n\n\n\n<h2 class=\"wp-block-heading\">2. Donn\u00e9es collect\u00e9es<\/h2>\n\n\n\n<p>Lorsque vous utilisez le formulaire pr\u00e9sent sur le site, les donn\u00e9es suivantes peuvent \u00eatre collect\u00e9es :<\/p>\n\n\n\n<ul class=\"wp-block-list\">\n<li>adresse email (si demand\u00e9e)<\/li>\n\n\n\n<li>contenu des messages saisis<\/li>\n\n\n\n<li>adresse IP<\/li>\n\n\n\n<li>donn\u00e9es techniques de connexion.<\/li>\n<\/ul>\n\n\n\n<hr class=\"wp-block-separator has-alpha-channel-opacity\"\/>\n\n\n\n<h2 class=\"wp-block-heading\">3. Finalit\u00e9s<\/h2>\n\n\n\n<p>Les donn\u00e9es sont trait\u00e9es afin de :<\/p>\n\n\n\n<ul class=\"wp-block-list\">\n<li>permettre l\u2019envoi et le traitement de votre demande via un service d\u2019intelligence artificielle<\/li>\n\n\n\n<li>fournir la r\u00e9ponse g\u00e9n\u00e9r\u00e9e<\/li>\n\n\n\n<li>assurer la s\u00e9curit\u00e9 et le bon fonctionnement du site.<\/li>\n<\/ul>\n\n\n\n<hr class=\"wp-block-separator has-alpha-channel-opacity\"\/>\n\n\n\n<h2 class=\"wp-block-heading\">4. Recours \u00e0 un sous-traitant technique<\/h2>\n\n\n\n<p>Les donn\u00e9es saisies dans le formulaire sont transmises \u00e0 un prestataire technique d\u2019infrastructure d\u2019intelligence artificielle :<\/p>\n\n\n\n<p><a href=\"https:\/\/groq.com\/\">Groq<\/a><\/p>\n\n\n\n<p>Ce prestataire agit en qualit\u00e9 de sous-traitant au sens du <a href=\"https:\/\/www.cnil.fr\/fr\/reglement-europeen-protection-donnees\">R\u00e8glement g\u00e9n\u00e9ral sur la protection des donn\u00e9es<\/a>.<\/p>\n\n\n\n<p>Les traitements peuvent impliquer un transfert de donn\u00e9es hors Union Europ\u00e9enne. Dans ce cas, ces transferts sont encadr\u00e9s par des garanties appropri\u00e9es conform\u00e9ment \u00e0 la r\u00e9glementation applicable.<\/p>\n\n\n\n<hr class=\"wp-block-separator has-alpha-channel-opacity\"\/>\n\n\n\n<h2 class=\"wp-block-heading\">5. Base l\u00e9gale<\/h2>\n\n\n\n<p>Le traitement repose :<\/p>\n\n\n\n<ul class=\"wp-block-list\">\n<li>sur l\u2019ex\u00e9cution d\u2019une demande initi\u00e9e par l\u2019utilisateur (article 6.1.b RGPD)<\/li>\n\n\n\n<li>sur l\u2019int\u00e9r\u00eat l\u00e9gitime du responsable pour la s\u00e9curisation du site (article 6.1.f RGPD).<\/li>\n<\/ul>\n\n\n\n<hr class=\"wp-block-separator has-alpha-channel-opacity\"\/>\n\n\n\n<h2 class=\"wp-block-heading\">6. Dur\u00e9e de conservation<\/h2>\n\n\n\n<p>Les donn\u00e9es issues du formulaire sont conserv\u00e9es pour une dur\u00e9e maximale de :<\/p>\n\n\n\n<ul class=\"wp-block-list\">\n<li>3 mois apr\u00e8s le dernier \u00e9change<\/li>\n<\/ul>\n\n\n\n<p>Les logs techniques sont conserv\u00e9s conform\u00e9ment \u00e0 la politique de l\u2019h\u00e9bergeur.<\/p>\n\n\n\n<hr class=\"wp-block-separator has-alpha-channel-opacity\"\/>\n\n\n\n<h2 class=\"wp-block-heading\">7. Destinataires<\/h2>\n\n\n\n<p>Les donn\u00e9es sont accessibles :<\/p>\n\n\n\n<ul class=\"wp-block-list\">\n<li>au responsable du site<\/li>\n\n\n\n<li>\u00e0 l\u2019h\u00e9bergeur<\/li>\n\n\n\n<li>au prestataire d\u2019API d\u2019intelligence artificielle.<\/li>\n<\/ul>\n\n\n\n<p>Elles ne sont ni vendues ni c\u00e9d\u00e9es.<\/p>\n\n\n\n<hr class=\"wp-block-separator has-alpha-channel-opacity\"\/>\n\n\n\n<h2 class=\"wp-block-heading\">8. Droits des utilisateurs<\/h2>\n\n\n\n<p>Conform\u00e9ment au <a href=\"https:\/\/www.cnil.fr\/fr\/reglement-europeen-protection-donnees\">R\u00e8glement g\u00e9n\u00e9ral sur la protection des donn\u00e9es<\/a>, vous disposez des droits d\u2019acc\u00e8s, rectification, effacement, opposition et limitation.<\/p>\n\n\n\n<p>Vous pouvez exercer vos droits \u00e0 :<br><a href=\"mailto:quentin@qlacs.fr\">quentin@qlacs.fr<\/a><\/p>\n\n\n\n<p>Vous pouvez introduire une r\u00e9clamation aupr\u00e8s de la <a href=\"https:\/\/www.cnil.fr\/fr\/definition\/commission-nationale-de-linformatique-et-des-libertes-cnil\">Commission Nationale de l&rsquo;Informatique et des Libert\u00e9s<\/a>.<\/p>\n\n\n\n<hr class=\"wp-block-separator has-alpha-channel-opacity\"\/>\n\n\n\n<h2 class=\"wp-block-heading\">9. Recommandation importante aux utilisateurs<\/h2>\n\n\n\n<p>Il est recommand\u00e9 de ne pas transmettre via le formulaire :<\/p>\n\n\n\n<ul class=\"wp-block-list\">\n<li>des donn\u00e9es sensibles<\/li>\n\n\n\n<li>des informations confidentielles<\/li>\n\n\n\n<li>des donn\u00e9es appartenant \u00e0 des tiers sans autorisation.<\/li>\n<\/ul>\n","protected":false},"excerpt":{"rendered":"<p>1. Responsable du traitement Le site est \u00e9dit\u00e9 par : Quentin LacombeMicro-entrepreneurNom commercial : qlac.solutionsNum\u00e9ro SIRET : 88304111300019Code APE : 6201ZAdresse du si\u00e8ge : 29 rue des plumassi\u00e8res, 31450 Montesquieu LauragaisEmail : quentin@qlacs.fr Le responsable du traitement est : Quentin Lacombe. 2. Donn\u00e9es collect\u00e9es Lorsque vous utilisez le formulaire pr\u00e9sent sur le site, les donn\u00e9es [&hellip;]<\/p>\n","protected":false},"author":1,"featured_media":0,"parent":0,"menu_order":0,"comment_status":"closed","ping_status":"closed","template":"","meta":{"footnotes":""},"class_list":["post-1211","page","type-page","status-publish","hentry"],"jetpack_sharing_enabled":true,"_links":{"self":[{"href":"https:\/\/qlac-solutions.fr\/index.php?rest_route=\/wp\/v2\/pages\/1211","targetHints":{"allow":["GET"]}}],"collection":[{"href":"https:\/\/qlac-solutions.fr\/index.php?rest_route=\/wp\/v2\/pages"}],"about":[{"href":"https:\/\/qlac-solutions.fr\/index.php?rest_route=\/wp\/v2\/types\/page"}],"author":[{"embeddable":true,"href":"https:\/\/qlac-solutions.fr\/index.php?rest_route=\/wp\/v2\/users\/1"}],"replies":[{"embeddable":true,"href":"https:\/\/qlac-solutions.fr\/index.php?rest_route=%2Fwp%2Fv2%2Fcomments&post=1211"}],"version-history":[{"count":3,"href":"https:\/\/qlac-solutions.fr\/index.php?rest_route=\/wp\/v2\/pages\/1211\/revisions"}],"predecessor-version":[{"id":1217,"href":"https:\/\/qlac-solutions.fr\/index.php?rest_route=\/wp\/v2\/pages\/1211\/revisions\/1217"}],"wp:attachment":[{"href":"https:\/\/qlac-solutions.fr\/index.php?rest_route=%2Fwp%2Fv2%2Fmedia&parent=1211"}],"curies":[{"name":"wp","href":"https:\/\/api.w.org\/{rel}","templated":true}]}}