{"id":1231,"date":"2026-04-14T17:12:51","date_gmt":"2026-04-14T15:12:51","guid":{"rendered":"https:\/\/qlac-solutions.fr\/?page_id=1231"},"modified":"2026-04-14T17:12:51","modified_gmt":"2026-04-14T15:12:51","slug":"portfolio","status":"publish","type":"page","link":"https:\/\/qlac-solutions.fr\/?page_id=1231","title":{"rendered":"Portfolio"},"content":{"rendered":"\n<div class=\"wp-block-group alignfull has-global-padding is-layout-constrained wp-container-core-group-is-layout-490fa1db wp-block-group-is-layout-constrained\" style=\"padding-top:var(--wp--preset--spacing--50);padding-right:var(--wp--preset--spacing--50);padding-bottom:var(--wp--preset--spacing--50);padding-left:var(--wp--preset--spacing--50)\">\n<div class=\"wp-block-group has-global-padding is-layout-constrained wp-container-core-group-is-layout-650790e1 wp-block-group-is-layout-constrained\">\n<h1 class=\"wp-block-heading has-text-align-center has-x-large-font-size\">Cr\u00e9ation d&rsquo;une solution compl\u00e8te de BI Excel \/ Google Sheets<\/h1>\n<\/div>\n\n\n\n<div style=\"height:var(--wp--preset--spacing--30)\" aria-hidden=\"true\" class=\"wp-block-spacer\"><\/div>\n\n\n\n<figure class=\"wp-block-image alignwide size-full is-style-rounded is-style-rounded--1\"><img fetchpriority=\"high\" decoding=\"async\" width=\"1256\" height=\"1043\" src=\"https:\/\/qlac-solutions.fr\/wp-content\/uploads\/2020\/11\/cropped-analyse_pdf_sans_titre.png\" alt=\"\" class=\"wp-image-139\" srcset=\"https:\/\/qlac-solutions.fr\/wp-content\/uploads\/2020\/11\/cropped-analyse_pdf_sans_titre.png 1256w, https:\/\/qlac-solutions.fr\/wp-content\/uploads\/2020\/11\/cropped-analyse_pdf_sans_titre-300x249.png 300w, https:\/\/qlac-solutions.fr\/wp-content\/uploads\/2020\/11\/cropped-analyse_pdf_sans_titre-1024x850.png 1024w, https:\/\/qlac-solutions.fr\/wp-content\/uploads\/2020\/11\/cropped-analyse_pdf_sans_titre-768x638.png 768w\" sizes=\"(max-width: 1256px) 100vw, 1256px\" \/><\/figure>\n<\/div>\n\n\n\n<div class=\"wp-block-group alignfull has-global-padding is-layout-constrained wp-container-core-group-is-layout-d89aad35 wp-block-group-is-layout-constrained\" style=\"margin-top:0;margin-bottom:0;padding-top:var(--wp--preset--spacing--50);padding-right:var(--wp--preset--spacing--50);padding-bottom:var(--wp--preset--spacing--50);padding-left:var(--wp--preset--spacing--50)\">\n<div class=\"wp-block-group alignwide has-global-padding is-layout-constrained wp-container-core-group-is-layout-19e250f3 wp-block-group-is-layout-constrained\">\n<div class=\"wp-block-group is-vertical is-content-justification-center is-layout-flex wp-container-core-group-is-layout-6329a8f3 wp-block-group-is-layout-flex\">\n<h2 class=\"wp-block-heading has-text-align-center is-style-asterisk\">Saisie s\u00e9curis\u00e9e des informations<\/h2>\n\n\n\n<p class=\"has-text-align-center\">Contr\u00f4les \u00e0 la saisie et anonymisation des donn\u00e9es sensibles.<\/p>\n<\/div>\n\n\n\n<div style=\"height:var(--wp--preset--spacing--40)\" aria-hidden=\"true\" class=\"wp-block-spacer\"><\/div>\n\n\n\n<div class=\"wp-block-columns alignwide is-layout-flex wp-container-core-columns-is-layout-d1c656ed wp-block-columns-is-layout-flex\">\n<div class=\"wp-block-column is-vertically-aligned-center is-layout-flow wp-block-column-is-layout-flow\" style=\"flex-basis:40%\">\n<h3 class=\"wp-block-heading is-style-asterisk\">Accompagnement des utilisateurs<\/h3>\n\n\n\n<p>Guide pas-\u00e0-pas et tutoriel explicatif pour une prise en main simplifi\u00e9e.<\/p>\n<\/div>\n\n\n\n<div class=\"wp-block-column is-layout-flow wp-block-column-is-layout-flow\" style=\"flex-basis:50%\">\n<figure class=\"wp-block-image size-large is-style-rounded is-style-rounded--2\"><img decoding=\"async\" width=\"1024\" height=\"736\" src=\"https:\/\/qlac-solutions.fr\/wp-content\/uploads\/2020\/11\/extract_saisie-1024x736.png\" alt=\"\" class=\"wp-image-138\" srcset=\"https:\/\/qlac-solutions.fr\/wp-content\/uploads\/2020\/11\/extract_saisie-1024x736.png 1024w, https:\/\/qlac-solutions.fr\/wp-content\/uploads\/2020\/11\/extract_saisie-300x216.png 300w, https:\/\/qlac-solutions.fr\/wp-content\/uploads\/2020\/11\/extract_saisie-768x552.png 768w, https:\/\/qlac-solutions.fr\/wp-content\/uploads\/2020\/11\/extract_saisie.png 1108w\" sizes=\"(max-width: 1024px) 100vw, 1024px\" \/><\/figure>\n<\/div>\n<\/div>\n\n\n\n<div style=\"height:var(--wp--preset--spacing--40)\" aria-hidden=\"true\" class=\"wp-block-spacer\"><\/div>\n\n\n\n<div class=\"wp-block-columns alignwide is-layout-flex wp-container-core-columns-is-layout-d1c656ed wp-block-columns-is-layout-flex\">\n<div class=\"wp-block-column is-layout-flow wp-block-column-is-layout-flow\" style=\"flex-basis:50%\">\n<figure class=\"wp-block-image size-large is-style-rounded is-style-rounded--3\"><img decoding=\"async\" width=\"1024\" height=\"1024\" src=\"https:\/\/qlac-solutions.fr\/wp-content\/uploads\/2020\/11\/cropped-extract_exec-1024x1024.png\" alt=\"\" class=\"wp-image-187\" srcset=\"https:\/\/qlac-solutions.fr\/wp-content\/uploads\/2020\/11\/cropped-extract_exec-1024x1024.png 1024w, https:\/\/qlac-solutions.fr\/wp-content\/uploads\/2020\/11\/cropped-extract_exec-300x300.png 300w, https:\/\/qlac-solutions.fr\/wp-content\/uploads\/2020\/11\/cropped-extract_exec-150x150.png 150w, https:\/\/qlac-solutions.fr\/wp-content\/uploads\/2020\/11\/cropped-extract_exec-768x769.png 768w, https:\/\/qlac-solutions.fr\/wp-content\/uploads\/2020\/11\/cropped-extract_exec.png 1124w\" sizes=\"(max-width: 1024px) 100vw, 1024px\" \/><\/figure>\n<\/div>\n\n\n\n<div class=\"wp-block-column is-vertically-aligned-center is-layout-flow wp-block-column-is-layout-flow\" style=\"flex-basis:40%\">\n<h3 class=\"wp-block-heading is-style-asterisk\">Traitement et mod\u00e9lisation des donn\u00e9es<\/h3>\n\n\n\n<ul style=\"line-height:1.75\" class=\"wp-block-list is-style-checkmark-list\">\n<li>Ruban Excel personnalis\u00e9<\/li>\n\n\n\n<li>Fonctionnalit\u00e9s de chargement des donn\u00e9es re\u00e7us par email ou par fichier<\/li>\n\n\n\n<li>Stockage et pr\u00e9-traitement des donn\u00e9es dans Excel Power Pivot<\/li>\n\n\n\n<li>Mod\u00e9lisation des donn\u00e9es avec graphiques dynamiques<\/li>\n\n\n\n<li>Fonctions de filtres avanc\u00e9s et de pond\u00e9ration statistique<\/li>\n\n\n\n<li>Historisation des donn\u00e9es pour mod\u00e9lisation d&rsquo;\u00e9volutions et de tendances<\/li>\n\n\n\n<li>Analyse PDF et envoi automatis\u00e9 par email<\/li>\n\n\n\n<li>D\u00e9ploiement du module sur le Google Workspace Marketplace<\/li>\n<\/ul>\n<\/div>\n<\/div>\n<\/div>\n<\/div>\n\n\n\n<div class=\"wp-block-group alignfull has-base-color has-contrast-background-color has-text-color has-background has-global-padding is-layout-constrained wp-container-core-group-is-layout-ef3d885c wp-block-group-is-layout-constrained\" style=\"margin-top:0;margin-bottom:0;padding-top:var(--wp--preset--spacing--60);padding-right:var(--wp--preset--spacing--60);padding-bottom:var(--wp--preset--spacing--60);padding-left:var(--wp--preset--spacing--60)\">\n<div class=\"wp-block-group has-global-padding is-layout-constrained wp-block-group-is-layout-constrained\">\n<p class=\"has-text-align-center has-base-color has-text-color has-heading-font-family has-x-large-font-size\" style=\"line-height:1.2\"><em>\u00ab\u00a0Je recommande vivement les comp\u00e9tences, l&#8217;empathie et la fiabilit\u00e9 de Quentin \u00e0 quiconque cherche un expert partenaire.\u00a0\u00bb<\/em><\/p>\n\n\n\n<div style=\"height:var(--wp--preset--spacing--10)\" aria-hidden=\"true\" class=\"wp-block-spacer\"><\/div>\n\n\n\n<div class=\"wp-block-group is-vertical is-content-justification-center is-nowrap is-layout-flex wp-container-core-group-is-layout-2dc08cea wp-block-group-is-layout-flex\">\n<p class=\"has-text-align-center\" style=\"margin-top:var(--wp--preset--spacing--10);margin-bottom:0\">Eric Nelson<\/p>\n\n\n\n<p class=\"has-text-align-center has-contrast-3-color has-text-color has-small-font-size\" style=\"font-style:normal;font-weight:300\">PDG, Kaizen Way<\/p>\n<\/div>\n<\/div>\n<\/div>\n","protected":false},"excerpt":{"rendered":"<p>Cr\u00e9ation d&rsquo;une solution compl\u00e8te de BI Excel \/ Google Sheets Saisie s\u00e9curis\u00e9e des informations Contr\u00f4les \u00e0 la saisie et anonymisation des donn\u00e9es sensibles. Accompagnement des utilisateurs Guide pas-\u00e0-pas et tutoriel explicatif pour une prise en main simplifi\u00e9e. Traitement et mod\u00e9lisation des donn\u00e9es \u00ab\u00a0Je recommande vivement les comp\u00e9tences, l&#8217;empathie et la fiabilit\u00e9 de Quentin \u00e0 quiconque [&hellip;]<\/p>\n","protected":false},"author":1,"featured_media":0,"parent":0,"menu_order":0,"comment_status":"closed","ping_status":"closed","template":"","meta":{"footnotes":""},"class_list":["post-1231","page","type-page","status-publish","hentry"],"jetpack_sharing_enabled":true,"_links":{"self":[{"href":"https:\/\/qlac-solutions.fr\/index.php?rest_route=\/wp\/v2\/pages\/1231","targetHints":{"allow":["GET"]}}],"collection":[{"href":"https:\/\/qlac-solutions.fr\/index.php?rest_route=\/wp\/v2\/pages"}],"about":[{"href":"https:\/\/qlac-solutions.fr\/index.php?rest_route=\/wp\/v2\/types\/page"}],"author":[{"embeddable":true,"href":"https:\/\/qlac-solutions.fr\/index.php?rest_route=\/wp\/v2\/users\/1"}],"replies":[{"embeddable":true,"href":"https:\/\/qlac-solutions.fr\/index.php?rest_route=%2Fwp%2Fv2%2Fcomments&post=1231"}],"version-history":[{"count":1,"href":"https:\/\/qlac-solutions.fr\/index.php?rest_route=\/wp\/v2\/pages\/1231\/revisions"}],"predecessor-version":[{"id":1232,"href":"https:\/\/qlac-solutions.fr\/index.php?rest_route=\/wp\/v2\/pages\/1231\/revisions\/1232"}],"wp:attachment":[{"href":"https:\/\/qlac-solutions.fr\/index.php?rest_route=%2Fwp%2Fv2%2Fmedia&parent=1231"}],"curies":[{"name":"wp","href":"https:\/\/api.w.org\/{rel}","templated":true}]}}