{"id":52,"date":"2020-11-19T14:47:36","date_gmt":"2020-11-19T13:47:36","guid":{"rendered":"http:\/\/quentinlacombe.fr\/?page_id=52"},"modified":"2026-04-16T11:33:31","modified_gmt":"2026-04-16T09:33:31","slug":"colibri-wp","status":"publish","type":"page","link":"https:\/\/qlac-solutions.fr\/","title":{"rendered":"On est fait pour travailler ensemble"},"content":{"rendered":"\n<h4 class=\"wp-block-heading\"><strong>J&rsquo;aide les startups et les PME \u00e0 automatiser leurs traitements data pour gagner du temps et fiabiliser leur pilotage.<\/strong><\/h4>\n\n\n    <div id=\"mon-ia-widget\">\n        <div id=\"mon-ia-conversation\"><\/div>\n        <div id=\"mon-ia-input-zone\">\n            <textarea id=\"mon-ia-input\" placeholder=\"Demandez \u00e0 mon IA...\" rows=\"3\"><\/textarea>\n            <button id=\"mon-ia-submit\">Envoyer<\/button>\n        <\/div>\n        <div id=\"mon-ia-loader\" style=\"display:none;\">\u23f3 Le mod\u00e8le r\u00e9fl\u00e9chit...<\/div>\n    <\/div>\n\n    <style>\n        #mon-ia-widget {\n            max-width: 700px;\n            margin: 20px auto;\n            font-family: Consolas, monospace;\n        }\n        #mon-ia-conversation {\n            border: 1px solid #ddd;\n            border-radius: 8px;\n            padding: 16px;\n            min-height: 200px;\n            max-height: 500px;\n            overflow-y: auto;\n            background: #fafafa;\n            margin-bottom: 12px;\n            font-family: Consolas, monospace;\n        }\n        .mon-ia-message {\n            margin-bottom: 14px;\n            line-height: 1.5;\n            font-family: Consolas, monospace;\n        }\n        .mon-ia-message.user   { text-align: right; }\n        .mon-ia-message.user   span { background: #BBA0DB; color: #fff; padding: 8px 12px; border-radius: 16px 16px 4px 16px; display: inline-block; max-width: 80%; font-size: 0.85em; }\n        .mon-ia-message.assist span { background: #fff; color: #222; padding: 8px 12px; border-radius: 16px 16px 16px 4px; display: inline-block; max-width: 80%; white-space: pre-wrap; font-size: 0.85em; }\n        #mon-ia-input-zone { display: flex; gap: 8px; }\n        #mon-ia-input  { flex: 1; padding: 10px; border: 1px solid #ddd; border-radius: 8px; resize: vertical; font-family: Consolas, monospace; font-size: 0.85em; }\n        #mon-ia-submit { padding: 10px 20px; background: #BBA0DB; color: #fff; border: none; border-radius: 8px; cursor: pointer; font-family: Consolas, monospace; }\n        #mon-ia-submit:hover { background: #a688c9; }\n        #mon-ia-loader { margin-top: 8px; color: #888; font-size: 0.9em; font-family: Consolas, monospace; }\n    <\/style>\n    \n\n\n<div style=\"height:45px\" aria-hidden=\"true\" class=\"wp-block-spacer\"><\/div>\n\n\n\n<hr class=\"wp-block-separator aligncenter has-alpha-channel-opacity\"\/>\n\n\n<p class=\"has-inconsolata-font-family has-small-font-size\" style=\"text-align: center;\">Note sur les r\u00e9ponses automatis\u00e9es :<\/p>\n<p class=\"has-inconsolata-font-family has-small-font-size\" style=\"text-align: justify;\">Les r\u00e9ponses proviennent d&rsquo;un mod\u00e8le d&rsquo;IA param\u00e9tr\u00e9 pour refl\u00e9ter au mieux mes comp\u00e9tences et mon expertise. Cependant, vous le savez, l\u2019IA peut parfois interpr\u00e9ter ou extrapoler les donn\u00e9es de mani\u00e8re inattendue.<br \/>Pour toute question critique ou besoin de pr\u00e9cision, n\u2019h\u00e9sitez pas \u00e0 me contacter directement.<br \/>Je reste \u00e0 votre disposition pour \u00e9changer et affiner les r\u00e9ponses si n\u00e9cessaire.<\/p>\n<p class=\"has-inconsolata-font-family has-small-font-size\" style=\"text-align: justify;\">Et si l&rsquo;IA ne dit que des bonnes choses sur moi, c&rsquo;est probablement qu&rsquo;elle ne se trompe pas.<\/p>","protected":false},"excerpt":{"rendered":"<p>J&rsquo;aide les startups et les PME \u00e0 automatiser leurs traitements data pour gagner du temps et fiabiliser leur pilotage. Note sur les r\u00e9ponses automatis\u00e9es : Les r\u00e9ponses proviennent d&rsquo;un mod\u00e8le d&rsquo;IA param\u00e9tr\u00e9 pour refl\u00e9ter au mieux mes comp\u00e9tences et mon expertise. Cependant, vous le savez, l\u2019IA peut parfois interpr\u00e9ter ou extrapoler les donn\u00e9es de mani\u00e8re [&hellip;]<\/p>\n","protected":false},"author":1,"featured_media":141,"parent":0,"menu_order":0,"comment_status":"closed","ping_status":"closed","template":"page-avec-titre","meta":{"footnotes":""},"class_list":["post-52","page","type-page","status-publish","has-post-thumbnail","hentry"],"jetpack_sharing_enabled":true,"_links":{"self":[{"href":"https:\/\/qlac-solutions.fr\/index.php?rest_route=\/wp\/v2\/pages\/52","targetHints":{"allow":["GET"]}}],"collection":[{"href":"https:\/\/qlac-solutions.fr\/index.php?rest_route=\/wp\/v2\/pages"}],"about":[{"href":"https:\/\/qlac-solutions.fr\/index.php?rest_route=\/wp\/v2\/types\/page"}],"author":[{"embeddable":true,"href":"https:\/\/qlac-solutions.fr\/index.php?rest_route=\/wp\/v2\/users\/1"}],"replies":[{"embeddable":true,"href":"https:\/\/qlac-solutions.fr\/index.php?rest_route=%2Fwp%2Fv2%2Fcomments&post=52"}],"version-history":[{"count":45,"href":"https:\/\/qlac-solutions.fr\/index.php?rest_route=\/wp\/v2\/pages\/52\/revisions"}],"predecessor-version":[{"id":1239,"href":"https:\/\/qlac-solutions.fr\/index.php?rest_route=\/wp\/v2\/pages\/52\/revisions\/1239"}],"wp:featuredmedia":[{"embeddable":true,"href":"https:\/\/qlac-solutions.fr\/index.php?rest_route=\/wp\/v2\/media\/141"}],"wp:attachment":[{"href":"https:\/\/qlac-solutions.fr\/index.php?rest_route=%2Fwp%2Fv2%2Fmedia&parent=52"}],"curies":[{"name":"wp","href":"https:\/\/api.w.org\/{rel}","templated":true}]}}